{"id":574,"date":"2018-08-15T08:00:14","date_gmt":"2018-08-15T08:00:14","guid":{"rendered":"http:\/\/lemoulindeletang.fr\/?page_id=574"},"modified":"2024-05-05T14:02:31","modified_gmt":"2024-05-05T12:02:31","slug":"mentions-legales","status":"publish","type":"page","link":"https:\/\/lemoulindeletang.fr\/index.php\/mentions-legales\/","title":{"rendered":"Mention l\u00e9gale"},"content":{"rendered":"<div class=\"wpb-content-wrapper\"><p>[vc_row hide_bg_image_on_tablet=\u00a0\u00bb\u00a0\u00bb hide_bg_image_on_mobile=\u00a0\u00bb\u00a0\u00bb css=\u00a0\u00bb.vc_custom_1527690597112{background-color: #f7f8f9 !important;}\u00a0\u00bb][vc_column icons_position=\u00a0\u00bbleft\u00a0\u00bb][vc_empty_space height=\u00a0\u00bb4em\u00a0\u00bb alter_height=\u00a0\u00bbnone\u00a0\u00bb hide_on_mobile=\u00a0\u00bb\u00a0\u00bb hide_on_desktop=\u00a0\u00bb\u00a0\u00bb hide_on_notebook=\u00a0\u00bb\u00a0\u00bb hide_on_tablet=\u00a0\u00bb\u00a0\u00bb][vc_column_text]<strong>Pr\u00e9sentation du site<\/strong><\/p>\n<p>En vertu de l&rsquo;article 6 de la loi n\u00b0 2004-575 du 21 juin 2004 pour la confiance dans l&rsquo;\u00e9conomie num\u00e9rique, il est pr\u00e9cis\u00e9 aux utilisateurs du site <a href=\"http:\/\/www.lemoulindeletang.fr\/\" target=\"_new\" rel=\"noreferrer noopener\">www.lemoulindeletang.fr<\/a> l&rsquo;identit\u00e9 des diff\u00e9rents intervenants dans le cadre de sa r\u00e9alisation et de son suivi :<\/p>\n<p>Propri\u00e9taire : LE MOULIN DE L&rsquo;ETANG, soci\u00e9t\u00e9 par actions simplifi\u00e9e, au capital variable de 10000,00 EURO, dont le si\u00e8ge social est situ\u00e9 au Chemin du Moulin de l\u2019\u00c9tang, 91310 Linas, immatricul\u00e9e au Registre du Commerce et des Soci\u00e9t\u00e9s de Evry sous le num\u00e9ro 809695828 repr\u00e9sent\u00e9e par M. Christian TROLLAT agissant et ayant les pouvoirs n\u00e9cessaires en tant que pr\u00e9sident.<\/p>\n<p>Responsable publication : M. Christian TROLLAT<\/p>\n<p>Le responsable de publication peut \u00eatre une personne physique ou une personne morale.<\/p>\n<p>H\u00e9bergeur : OVH<\/p>\n<p><strong>Conditions g\u00e9n\u00e9rales d&rsquo;utilisation du site et des services propos\u00e9s<\/strong><\/p>\n<p>L&rsquo;utilisation du site <a href=\"http:\/\/www.lemoulindeletang.fr\/\" target=\"_new\" rel=\"noreferrer noopener\">www.lemoulindeletang.fr<\/a> implique l&rsquo;acceptation pleine et enti\u00e8re des conditions g\u00e9n\u00e9rales d&rsquo;utilisation ci-apr\u00e8s d\u00e9crites. Ces conditions d&rsquo;utilisation sont susceptibles d&rsquo;\u00eatre modifi\u00e9es ou compl\u00e9t\u00e9es \u00e0 tout moment, les utilisateurs du site <a href=\"http:\/\/www.lemoulindeletang.fr\/\" target=\"_new\" rel=\"noreferrer noopener\">www.lemoulindeletang.fr<\/a> sont donc invit\u00e9s \u00e0 les consulter de mani\u00e8re r\u00e9guli\u00e8re.<\/p>\n<p>Ce site est normalement accessible \u00e0 tout moment aux utilisateurs. Une interruption pour raison de maintenance technique peut \u00eatre toutefois d\u00e9cid\u00e9e par LE MOULIN DE L&rsquo;ETANG, qui s&rsquo;efforcera alors de communiquer pr\u00e9alablement aux utilisateurs les dates et heures de l&rsquo;intervention.<\/p>\n<p>Le site <a href=\"http:\/\/www.lemoulindeletang.fr\/\" target=\"_new\" rel=\"noreferrer noopener\">www.lemoulindeletang.fr<\/a> est mis \u00e0 jour r\u00e9guli\u00e8rement. De la m\u00eame fa\u00e7on, les mentions l\u00e9gales peuvent \u00eatre modifi\u00e9es \u00e0 tout moment : elles s&rsquo;imposent n\u00e9anmoins \u00e0 l&rsquo;utilisateur qui est invit\u00e9 \u00e0 s&rsquo;y r\u00e9f\u00e9rer le plus souvent possible afin d&rsquo;en prendre connaissance.<\/p>\n<p><strong>Description des services fournis<\/strong><\/p>\n<p>Le site <a href=\"http:\/\/www.lemoulindeletang.fr\/\" target=\"_new\" rel=\"noreferrer noopener\">www.lemoulindeletang.fr<\/a> a pour objet de fournir une information concernant l&rsquo;ensemble des activit\u00e9s de la soci\u00e9t\u00e9.<\/p>\n<p>LE MOULIN DE L&rsquo;ETANG s&rsquo;efforce de fournir sur le site <a href=\"http:\/\/www.lemoulindeletang.fr\/\" target=\"_new\" rel=\"noreferrer noopener\">www.lemoulindeletang.fr<\/a> des informations aussi pr\u00e9cises que possible. Toutefois, elle ne pourra \u00eatre tenue responsable des omissions, des inexactitudes et des carences dans la mise \u00e0 jour, qu&rsquo;elles soient de son fait ou du fait des tiers partenaires qui lui fournissent ces informations.<\/p>\n<p>Toutes les informations indiqu\u00e9es sur le site <a href=\"http:\/\/www.lemoulindeletang.fr\/\" target=\"_new\" rel=\"noreferrer noopener\">www.lemoulindeletang.fr<\/a> sont donn\u00e9es \u00e0 titre indicatif, et sont susceptibles d&rsquo;\u00e9voluer. Par ailleurs, les renseignements figurant sur le site <a href=\"http:\/\/www.lemoulindeletang.fr\/\" target=\"_new\" rel=\"noreferrer noopener\">www.lemoulindeletang.fr<\/a> ne sont pas exhaustifs. Ils sont donn\u00e9s sous r\u00e9serve de modifications ayant \u00e9t\u00e9 apport\u00e9es depuis leur mise en ligne.<\/p>\n<p><strong>Limitations contractuelles sur les donn\u00e9es techniques<\/strong><\/p>\n<p>Le site Internet ne pourra \u00eatre tenu responsable de dommages mat\u00e9riels li\u00e9s \u00e0 son utilisation. De plus, l&rsquo;utilisateur du site s&rsquo;engage \u00e0 y acc\u00e9der en utilisant un mat\u00e9riel r\u00e9cent, ne contenant pas de virus et avec un navigateur de derni\u00e8re g\u00e9n\u00e9ration mis \u00e0 jour.<\/p>\n<p><strong>Propri\u00e9t\u00e9 intellectuelle et contrefa\u00e7ons<\/strong><\/p>\n<p>LE MOULIN DE L&rsquo;ETANG est propri\u00e9taire des droits de propri\u00e9t\u00e9 intellectuelle ou d\u00e9tient les droits d&rsquo;usage sur tous les \u00e9l\u00e9ments accessibles sur le site, notamment les textes, images, graphismes, logo, ic\u00f4nes, sons, logiciels.<\/p>\n<p>Toute reproduction, repr\u00e9sentation, modification, publication, adaptation de tout ou partie des \u00e9l\u00e9ments du site, quel que soit le moyen ou le proc\u00e9d\u00e9 utilis\u00e9, est interdite, sauf autorisation \u00e9crite pr\u00e9alable de LE MOULIN DE L&rsquo;ETANG.<\/p>\n<p>Toute exploitation non autoris\u00e9e du site ou de l&rsquo;un quelconque des \u00e9l\u00e9ments qu&rsquo;il contient sera consid\u00e9r\u00e9e comme constitutive d&rsquo;une contrefa\u00e7on et poursuivie conform\u00e9ment aux dispositions des articles L.335-2 et suivants du Code de la Propri\u00e9t\u00e9 Intellectuelle.<\/p>\n<p><strong>Limitations de responsabilit\u00e9<\/strong><\/p>\n<p>LE MOULIN DE L&rsquo;ETANG ne pourra \u00eatre tenue responsable des dommages directs et indirects caus\u00e9s au mat\u00e9riel de l&rsquo;utilisateur, lors de l&rsquo;acc\u00e8s au site <a href=\"http:\/\/www.lemoulindeletang.fr\/\" target=\"_new\" rel=\"noreferrer noopener\">www.lemoulindeletang.fr<\/a>, et r\u00e9sultant soit de l&rsquo;utilisation d&rsquo;un mat\u00e9riel ne r\u00e9pondant pas aux sp\u00e9cifications indiqu\u00e9es, soit de l&rsquo;apparition d&rsquo;un bug ou d&rsquo;une incompatibilit\u00e9.<\/p>\n<p>LE MOULIN DE L&rsquo;ETANG ne pourra \u00e9galement \u00eatre tenue responsable des dommages indirects (tels que par exemple qu&rsquo;une perte de march\u00e9 ou perte d&rsquo;une chance) cons\u00e9cutifs \u00e0 l&rsquo;utilisation du site <a href=\"http:\/\/www.lemoulindeletang.fr\/\" target=\"_new\" rel=\"noreferrer noopener\">www.lemoulindeletang.fr<\/a>.<\/p>\n<p><strong>Gestion des donn\u00e9es personnelles<\/strong><\/p>\n<p>Le Moulin de l&rsquo;\u00c9tang accorde une grande importance \u00e0 la protection des donn\u00e9es personnelles de ses utilisateurs. Toutes les informations collect\u00e9es par le biais du site <a href=\"http:\/\/www.lemoulindeletang.fr\/\" target=\"_new\" rel=\"noreferrer noopener\">www.lemoulindeletang.fr<\/a> sont trait\u00e9es avec confidentialit\u00e9 et conform\u00e9ment aux r\u00e9glementations en vigueur, notamment le R\u00e8glement G\u00e9n\u00e9ral sur la Protection des Donn\u00e9es (RGPD). Les donn\u00e9es collect\u00e9es sont utilis\u00e9es dans le cadre des services propos\u00e9s par Le Moulin de l&rsquo;\u00c9tang et ne sont en aucun cas transmises \u00e0 des tiers sans consentement pr\u00e9alable.<\/p>\n<p><strong>Liens hypertextes et cookies<\/strong><\/p>\n<p>Le site <a href=\"http:\/\/www.lemoulindeletang.fr\/\" target=\"_new\" rel=\"noreferrer noopener\">www.lemoulindeletang.fr<\/a> peut contenir des liens hypertextes vers d&rsquo;autres sites internet. Le Moulin de l&rsquo;\u00c9tang ne peut \u00eatre tenu responsable du contenu de ces sites externes ni des \u00e9ventuels dommages pouvant r\u00e9sulter de leur utilisation. Par ailleurs, le site utilise des cookies pour am\u00e9liorer l&rsquo;exp\u00e9rience de navigation des utilisateurs. Les cookies sont de petits fichiers texte stock\u00e9s sur l&rsquo;ordinateur de l&rsquo;utilisateur. En naviguant sur le site, l&rsquo;utilisateur accepte l&rsquo;utilisation de cookies conform\u00e9ment \u00e0 la politique de confidentialit\u00e9 de Le Moulin de l&rsquo;\u00c9tang.<\/p>\n<p><strong>Droit applicable et attribution de juridiction<\/strong><\/p>\n<p>Le site <a href=\"http:\/\/www.lemoulindeletang.fr\/\" target=\"_new\" rel=\"noreferrer noopener\">www.lemoulindeletang.fr<\/a> est soumis au droit fran\u00e7ais. Tout litige relatif \u00e0 l&rsquo;utilisation du site ou \u00e0 l&rsquo;interpr\u00e9tation des pr\u00e9sentes mentions l\u00e9gales est de la comp\u00e9tence exclusive des tribunaux fran\u00e7ais.<\/p>\n<p><strong>Les principales lois concern\u00e9es<\/strong><\/p>\n<p>Les principales lois concern\u00e9es par l&rsquo;utilisation du site <a href=\"http:\/\/www.lemoulindeletang.fr\/\" target=\"_new\" rel=\"noreferrer noopener\">www.lemoulindeletang.fr<\/a> sont la loi n\u00b0 78-17 du 6 janvier 1978 relative \u00e0 l&rsquo;informatique, aux fichiers et aux libert\u00e9s, ainsi que la loi n\u00b0 2004-575 du 21 juin 2004 pour la confiance dans l&rsquo;\u00e9conomie num\u00e9rique.<\/p>\n<p><strong>Lexique<\/strong><\/p>\n<p>Le lexique utilis\u00e9 dans les pr\u00e9sentes mentions l\u00e9gales est conforme au droit fran\u00e7ais. En cas de litige ou d&rsquo;interpr\u00e9tation, les termes sont compris selon leur d\u00e9finition en droit fran\u00e7ais.<\/p>\n<p>Rendez-nous visite : Chemin du Moulin de l\u2019\u00c9tang, 91310 Linas<\/p>\n<p>T\u00e9l : 01 64 49 81 00<\/p>\n<p>Email : <a target=\"_new\" rel=\"noreferrer noopener\">moulin@lemoulindeletang.fr<\/a><\/p>\n<hr \/>\n<p>[\/vc_column_text][vc_empty_space height=\u00a0\u00bb4em\u00a0\u00bb alter_height=\u00a0\u00bbnone\u00a0\u00bb hide_on_mobile=\u00a0\u00bb\u00a0\u00bb hide_on_desktop=\u00a0\u00bb\u00a0\u00bb hide_on_notebook=\u00a0\u00bb\u00a0\u00bb hide_on_tablet=\u00a0\u00bb\u00a0\u00bb][\/vc_column][\/vc_row]<\/p>\n<\/div>","protected":false},"excerpt":{"rendered":"<p>[vc_row hide_bg_image_on_tablet=\u00a0\u00bb\u00a0\u00bb hide_bg_image_on_mobile=\u00a0\u00bb\u00a0\u00bb css=\u00a0\u00bb.vc_custom_1527690597112{background-color: #f7f8f9 !important;}\u00a0\u00bb][vc_column icons_position=\u00a0\u00bbleft\u00a0\u00bb][vc_empty_space height=\u00a0\u00bb4em\u00a0\u00bb alter_height=\u00a0\u00bbnone\u00a0\u00bb hide_on_mobile=\u00a0\u00bb\u00a0\u00bb hide_on_desktop=\u00a0\u00bb\u00a0\u00bb hide_on_notebook=\u00a0\u00bb\u00a0\u00bb hide_on_tablet=\u00a0\u00bb\u00a0\u00bb][vc_column_text]Pr\u00e9sentation du site En vertu de l&rsquo;article 6 de la loi n\u00b0 2004-575 du 21 juin 2004 pour la confiance dans l&rsquo;\u00e9conomie num\u00e9rique, il est pr\u00e9cis\u00e9 aux utilisateurs du site www.lemoulindeletang.fr l&rsquo;identit\u00e9 des diff\u00e9rents intervenants dans le cadre de sa r\u00e9alisation et de [&hellip;]<\/p>\n","protected":false},"author":1,"featured_media":0,"parent":0,"menu_order":0,"comment_status":"closed","ping_status":"closed","template":"","meta":{"footnotes":""},"class_list":["post-574","page","type-page","status-publish","hentry"],"yoast_head":"<!-- This site is optimized with the Yoast SEO plugin v22.6 - https:\/\/yoast.com\/wordpress\/plugins\/seo\/ -->\n<title>Mention l\u00e9gale - LE MOULIN DE L&#039;\u00c9TANG<\/title>\n<meta name=\"robots\" content=\"index, follow, max-snippet:-1, max-image-preview:large, max-video-preview:-1\" \/>\n<link rel=\"canonical\" href=\"https:\/\/lemoulindeletang.fr\/index.php\/mentions-legales\/\" \/>\n<meta property=\"og:locale\" content=\"fr_FR\" \/>\n<meta property=\"og:type\" content=\"article\" \/>\n<meta property=\"og:title\" content=\"Mention l\u00e9gale - LE MOULIN DE L&#039;\u00c9TANG\" \/>\n<meta property=\"og:description\" content=\"[vc_row hide_bg_image_on_tablet=\u00a0\u00bb\u00a0\u00bb hide_bg_image_on_mobile=\u00a0\u00bb\u00a0\u00bb css=\u00a0\u00bb.vc_custom_1527690597112{background-color: #f7f8f9 !important;}\u00a0\u00bb][vc_column icons_position=\u00a0\u00bbleft\u00a0\u00bb][vc_empty_space height=\u00a0\u00bb4em\u00a0\u00bb alter_height=\u00a0\u00bbnone\u00a0\u00bb hide_on_mobile=\u00a0\u00bb\u00a0\u00bb hide_on_desktop=\u00a0\u00bb\u00a0\u00bb hide_on_notebook=\u00a0\u00bb\u00a0\u00bb hide_on_tablet=\u00a0\u00bb\u00a0\u00bb][vc_column_text]Pr\u00e9sentation du site En vertu de l&rsquo;article 6 de la loi n\u00b0 2004-575 du 21 juin 2004 pour la confiance dans l&rsquo;\u00e9conomie num\u00e9rique, il est pr\u00e9cis\u00e9 aux utilisateurs du site www.lemoulindeletang.fr l&rsquo;identit\u00e9 des diff\u00e9rents intervenants dans le cadre de sa r\u00e9alisation et de [&hellip;]\" \/>\n<meta property=\"og:url\" content=\"https:\/\/lemoulindeletang.fr\/index.php\/mentions-legales\/\" \/>\n<meta property=\"og:site_name\" content=\"LE MOULIN DE L&#039;\u00c9TANG\" \/>\n<meta property=\"article:modified_time\" content=\"2024-05-05T12:02:31+00:00\" \/>\n<meta name=\"twitter:card\" content=\"summary_large_image\" \/>\n<meta name=\"twitter:label1\" content=\"Dur\u00e9e de lecture estim\u00e9e\" \/>\n\t<meta name=\"twitter:data1\" content=\"5 minutes\" \/>\n<script type=\"application\/ld+json\" class=\"yoast-schema-graph\">{\"@context\":\"https:\/\/schema.org\",\"@graph\":[{\"@type\":\"WebPage\",\"@id\":\"https:\/\/lemoulindeletang.fr\/index.php\/mentions-legales\/\",\"url\":\"https:\/\/lemoulindeletang.fr\/index.php\/mentions-legales\/\",\"name\":\"Mention l\u00e9gale - LE MOULIN DE L&#039;\u00c9TANG\",\"isPartOf\":{\"@id\":\"https:\/\/lemoulindeletang.fr\/#website\"},\"datePublished\":\"2018-08-15T08:00:14+00:00\",\"dateModified\":\"2024-05-05T12:02:31+00:00\",\"breadcrumb\":{\"@id\":\"https:\/\/lemoulindeletang.fr\/index.php\/mentions-legales\/#breadcrumb\"},\"inLanguage\":\"fr-FR\",\"potentialAction\":[{\"@type\":\"ReadAction\",\"target\":[\"https:\/\/lemoulindeletang.fr\/index.php\/mentions-legales\/\"]}]},{\"@type\":\"BreadcrumbList\",\"@id\":\"https:\/\/lemoulindeletang.fr\/index.php\/mentions-legales\/#breadcrumb\",\"itemListElement\":[{\"@type\":\"ListItem\",\"position\":1,\"name\":\"Accueil\",\"item\":\"https:\/\/lemoulindeletang.fr\/\"},{\"@type\":\"ListItem\",\"position\":2,\"name\":\"Mention l\u00e9gale\"}]},{\"@type\":\"WebSite\",\"@id\":\"https:\/\/lemoulindeletang.fr\/#website\",\"url\":\"https:\/\/lemoulindeletang.fr\/\",\"name\":\"LE MOULIN DE L'\u00c9TANG\",\"description\":\"\",\"publisher\":{\"@id\":\"https:\/\/lemoulindeletang.fr\/#organization\"},\"potentialAction\":[{\"@type\":\"SearchAction\",\"target\":{\"@type\":\"EntryPoint\",\"urlTemplate\":\"https:\/\/lemoulindeletang.fr\/?s={search_term_string}\"},\"query-input\":\"required name=search_term_string\"}],\"inLanguage\":\"fr-FR\"},{\"@type\":\"Organization\",\"@id\":\"https:\/\/lemoulindeletang.fr\/#organization\",\"name\":\"LE MOULIN DE L'\u00c9TANG\",\"url\":\"https:\/\/lemoulindeletang.fr\/\",\"logo\":{\"@type\":\"ImageObject\",\"inLanguage\":\"fr-FR\",\"@id\":\"https:\/\/lemoulindeletang.fr\/#\/schema\/logo\/image\/\",\"url\":\"https:\/\/lemoulindeletang.fr\/wp-content\/uploads\/2024\/03\/cropped-cropped-cropped-v5\u2014400px\u2014NOIR-01.png\",\"contentUrl\":\"https:\/\/lemoulindeletang.fr\/wp-content\/uploads\/2024\/03\/cropped-cropped-cropped-v5\u2014400px\u2014NOIR-01.png\",\"width\":512,\"height\":512,\"caption\":\"LE MOULIN DE L'\u00c9TANG\"},\"image\":{\"@id\":\"https:\/\/lemoulindeletang.fr\/#\/schema\/logo\/image\/\"}}]}<\/script>\n<!-- \/ Yoast SEO plugin. -->","yoast_head_json":{"title":"Mention l\u00e9gale - LE MOULIN DE L&#039;\u00c9TANG","robots":{"index":"index","follow":"follow","max-snippet":"max-snippet:-1","max-image-preview":"max-image-preview:large","max-video-preview":"max-video-preview:-1"},"canonical":"https:\/\/lemoulindeletang.fr\/index.php\/mentions-legales\/","og_locale":"fr_FR","og_type":"article","og_title":"Mention l\u00e9gale - LE MOULIN DE L&#039;\u00c9TANG","og_description":"[vc_row hide_bg_image_on_tablet=\u00a0\u00bb\u00a0\u00bb hide_bg_image_on_mobile=\u00a0\u00bb\u00a0\u00bb css=\u00a0\u00bb.vc_custom_1527690597112{background-color: #f7f8f9 !important;}\u00a0\u00bb][vc_column icons_position=\u00a0\u00bbleft\u00a0\u00bb][vc_empty_space height=\u00a0\u00bb4em\u00a0\u00bb alter_height=\u00a0\u00bbnone\u00a0\u00bb hide_on_mobile=\u00a0\u00bb\u00a0\u00bb hide_on_desktop=\u00a0\u00bb\u00a0\u00bb hide_on_notebook=\u00a0\u00bb\u00a0\u00bb hide_on_tablet=\u00a0\u00bb\u00a0\u00bb][vc_column_text]Pr\u00e9sentation du site En vertu de l&rsquo;article 6 de la loi n\u00b0 2004-575 du 21 juin 2004 pour la confiance dans l&rsquo;\u00e9conomie num\u00e9rique, il est pr\u00e9cis\u00e9 aux utilisateurs du site www.lemoulindeletang.fr l&rsquo;identit\u00e9 des diff\u00e9rents intervenants dans le cadre de sa r\u00e9alisation et de [&hellip;]","og_url":"https:\/\/lemoulindeletang.fr\/index.php\/mentions-legales\/","og_site_name":"LE MOULIN DE L&#039;\u00c9TANG","article_modified_time":"2024-05-05T12:02:31+00:00","twitter_card":"summary_large_image","twitter_misc":{"Dur\u00e9e de lecture estim\u00e9e":"5 minutes"},"schema":{"@context":"https:\/\/schema.org","@graph":[{"@type":"WebPage","@id":"https:\/\/lemoulindeletang.fr\/index.php\/mentions-legales\/","url":"https:\/\/lemoulindeletang.fr\/index.php\/mentions-legales\/","name":"Mention l\u00e9gale - LE MOULIN DE L&#039;\u00c9TANG","isPartOf":{"@id":"https:\/\/lemoulindeletang.fr\/#website"},"datePublished":"2018-08-15T08:00:14+00:00","dateModified":"2024-05-05T12:02:31+00:00","breadcrumb":{"@id":"https:\/\/lemoulindeletang.fr\/index.php\/mentions-legales\/#breadcrumb"},"inLanguage":"fr-FR","potentialAction":[{"@type":"ReadAction","target":["https:\/\/lemoulindeletang.fr\/index.php\/mentions-legales\/"]}]},{"@type":"BreadcrumbList","@id":"https:\/\/lemoulindeletang.fr\/index.php\/mentions-legales\/#breadcrumb","itemListElement":[{"@type":"ListItem","position":1,"name":"Accueil","item":"https:\/\/lemoulindeletang.fr\/"},{"@type":"ListItem","position":2,"name":"Mention l\u00e9gale"}]},{"@type":"WebSite","@id":"https:\/\/lemoulindeletang.fr\/#website","url":"https:\/\/lemoulindeletang.fr\/","name":"LE MOULIN DE L'\u00c9TANG","description":"","publisher":{"@id":"https:\/\/lemoulindeletang.fr\/#organization"},"potentialAction":[{"@type":"SearchAction","target":{"@type":"EntryPoint","urlTemplate":"https:\/\/lemoulindeletang.fr\/?s={search_term_string}"},"query-input":"required name=search_term_string"}],"inLanguage":"fr-FR"},{"@type":"Organization","@id":"https:\/\/lemoulindeletang.fr\/#organization","name":"LE MOULIN DE L'\u00c9TANG","url":"https:\/\/lemoulindeletang.fr\/","logo":{"@type":"ImageObject","inLanguage":"fr-FR","@id":"https:\/\/lemoulindeletang.fr\/#\/schema\/logo\/image\/","url":"https:\/\/lemoulindeletang.fr\/wp-content\/uploads\/2024\/03\/cropped-cropped-cropped-v5\u2014400px\u2014NOIR-01.png","contentUrl":"https:\/\/lemoulindeletang.fr\/wp-content\/uploads\/2024\/03\/cropped-cropped-cropped-v5\u2014400px\u2014NOIR-01.png","width":512,"height":512,"caption":"LE MOULIN DE L'\u00c9TANG"},"image":{"@id":"https:\/\/lemoulindeletang.fr\/#\/schema\/logo\/image\/"}}]}},"_links":{"self":[{"href":"https:\/\/lemoulindeletang.fr\/index.php\/wp-json\/wp\/v2\/pages\/574","targetHints":{"allow":["GET"]}}],"collection":[{"href":"https:\/\/lemoulindeletang.fr\/index.php\/wp-json\/wp\/v2\/pages"}],"about":[{"href":"https:\/\/lemoulindeletang.fr\/index.php\/wp-json\/wp\/v2\/types\/page"}],"author":[{"embeddable":true,"href":"https:\/\/lemoulindeletang.fr\/index.php\/wp-json\/wp\/v2\/users\/1"}],"replies":[{"embeddable":true,"href":"https:\/\/lemoulindeletang.fr\/index.php\/wp-json\/wp\/v2\/comments?post=574"}],"version-history":[{"count":4,"href":"https:\/\/lemoulindeletang.fr\/index.php\/wp-json\/wp\/v2\/pages\/574\/revisions"}],"predecessor-version":[{"id":1837,"href":"https:\/\/lemoulindeletang.fr\/index.php\/wp-json\/wp\/v2\/pages\/574\/revisions\/1837"}],"wp:attachment":[{"href":"https:\/\/lemoulindeletang.fr\/index.php\/wp-json\/wp\/v2\/media?parent=574"}],"curies":[{"name":"wp","href":"https:\/\/api.w.org\/{rel}","templated":true}]}}