{"id":191,"date":"2016-08-26T11:56:37","date_gmt":"2016-08-26T11:56:37","guid":{"rendered":"http:\/\/lemoulindeletang.fr\/?page_id=191"},"modified":"2024-07-26T11:34:13","modified_gmt":"2024-07-26T09:34:13","slug":"salles-de-reception-dans-lessonne","status":"publish","type":"page","link":"https:\/\/lemoulindeletang.fr\/index.php\/salles-de-reception-dans-lessonne\/","title":{"rendered":"Nos \u00e9v\u00e9nements"},"content":{"rendered":"<div class=\"wpb-content-wrapper\"><p>[vc_row][vc_column]<div id=\"sc_services_1980474331_wrap\" class=\"sc_services_wrap\"><div id=\"sc_services_1980474331\" class=\"sc_services sc_services_style_services-5 sc_services_type_icons  margin_top_huge margin_bottom_huge\" style=\"width:100%;\"><div class=\"sc_service_container sc_align_\"><div class=\"sc_services_image\"><img decoding=\"async\" src=\"https:\/\/lemoulindeletang.fr\/wp-content\/uploads\/2024\/03\/0222-scaled.jpg\" alt=\"sc_services_image\"><\/div><div class=\"sc_columns columns_wrap\"><div class=\"column-1_2 column_padding_bottom\">\t\t\t<div id=\"sc_services_1980474331_1\"\t\t\t\tclass=\"sc_services_item sc_services_item_1 odd first\"\n\t\t\t\t>\n\t\t\t\t<div class=\"sc_services_item_content\">\n\t\t\t\t\t<div class=\"number\">01<\/div><h4 class=\"sc_services_item_title\"><a href=\"https:\/\/lemoulindeletang.fr\/index.php\/services\/events\/\">Location<\/a><\/h4>\n\t\t\t\t\t<div class=\"sc_services_item_description\">\n\t\t\t\t\t\t<p>Vous cherchez une location de salle dans le 91 (Essonne) ? Le Moulin de l&rsquo;\u00e9tang est un magnifique lieu du XVeme si\u00e8cle proposant la location d&rsquo;une salle d&rsquo;anniversaire pr\u00e8s de Paris.<\/p><a href=\"https:\/\/lemoulindeletang.fr\/index.php\/services\/events\/\" class=\"sc_services_item_readmore\">En savoir<span class=\"icon-right\"><\/span><\/a>\t\t\t\t\t<\/div>\n\t\t\t\t<\/div>\n\t\t\t<\/div>\n\t\t<\/div><div class=\"column-1_2 column_padding_bottom\">\t\t\t<div id=\"sc_services_1980474331_2\"\t\t\t\tclass=\"sc_services_item sc_services_item_2 even\"\n\t\t\t\t>\n\t\t\t\t<div class=\"sc_services_item_content\">\n\t\t\t\t\t<div class=\"number\">02<\/div><h4 class=\"sc_services_item_title\"><a href=\"https:\/\/lemoulindeletang.fr\/index.php\/services\/food-drinks\/\">Traiteur<\/a><\/h4>\n\t\t\t\t\t<div class=\"sc_services_item_description\">\n\t\t\t\t\t\t<p>Il y a des instants pr\u00e9cieux, d&rsquo;intenses \u00e9motions qui jamais ne s&rsquo;oublient ; des circonstances heureuses et conviviales que l&rsquo;on aime \u00e0 partager.<\/p><a href=\"https:\/\/lemoulindeletang.fr\/index.php\/services\/food-drinks\/\" class=\"sc_services_item_readmore\">En savoir<span class=\"icon-right\"><\/span><\/a>\t\t\t\t\t<\/div>\n\t\t\t\t<\/div>\n\t\t\t<\/div>\n\t\t<\/div><div class=\"column-1_2 column_padding_bottom\">\t\t\t<div id=\"sc_services_1980474331_3\"\t\t\t\tclass=\"sc_services_item sc_services_item_3 odd\"\n\t\t\t\t>\n\t\t\t\t<div class=\"sc_services_item_content\">\n\t\t\t\t\t<div class=\"number\">03<\/div><h4 class=\"sc_services_item_title\"><a href=\"https:\/\/lemoulindeletang.fr\/index.php\/services\/venues\/\">Organisation d&rsquo;\u00e9v\u00e9nement<\/a><\/h4>\n\t\t\t\t\t<div class=\"sc_services_item_description\">\n\t\t\t\t\t\t<p>Une date marquante dans la vie de votre entreprise : inauguration, lancement de produits, convention, petit d\u00e9jeuner, exposition, s\u00e9minaire, remise de prix ou de m\u00e9dailles, cocktail , vernissage, workshop, garden party, soir\u00e9e de gala, journ\u00e9e...<\/p><a href=\"https:\/\/lemoulindeletang.fr\/index.php\/services\/venues\/\" class=\"sc_services_item_readmore\">En savoir<span class=\"icon-right\"><\/span><\/a>\t\t\t\t\t<\/div>\n\t\t\t\t<\/div>\n\t\t\t<\/div>\n\t\t<\/div><div class=\"column-1_2 column_padding_bottom\">\t\t\t<div id=\"sc_services_1980474331_4\"\t\t\t\tclass=\"sc_services_item sc_services_item_4 even\"\n\t\t\t\t>\n\t\t\t\t<div class=\"sc_services_item_content\">\n\t\t\t\t\t<div class=\"number\">04<\/div><h4 class=\"sc_services_item_title\"><a href=\"https:\/\/lemoulindeletang.fr\/index.php\/services\/canapes\/\">Salle de r\u00e9c\u00e9ption<\/a><\/h4>\n\t\t\t\t\t<div class=\"sc_services_item_description\">\n\t\t\t\t\t\t<p>A 20 minutes de PARIS, facilement accessible par l&rsquo;autoroute A6, Le Moulin De L&rsquo;\u00e9tang, demeure de charme du XV\u00e8me si\u00e8cle, met \u00e0 votre disposition ses salons d\u00e9cor\u00e9s de tapisseries, de toiles de ma\u00eetres et d&rsquo;objets d&rsquo;art...<\/p><a href=\"https:\/\/lemoulindeletang.fr\/index.php\/services\/canapes\/\" class=\"sc_services_item_readmore\">En savoir<span class=\"icon-right\"><\/span><\/a>\t\t\t\t\t<\/div>\n\t\t\t\t<\/div>\n\t\t\t<\/div>\n\t\t<\/div><div class=\"column-1_2 column_padding_bottom\">\t\t\t<div id=\"sc_services_1980474331_5\"\t\t\t\tclass=\"sc_services_item sc_services_item_5 odd\"\n\t\t\t\t>\n\t\t\t\t<div class=\"sc_services_item_content\">\n\t\t\t\t\t<div class=\"number\">05<\/div><h4 class=\"sc_services_item_title\"><a href=\"https:\/\/lemoulindeletang.fr\/index.php\/services\/weddings\/\">Mariage<\/a><\/h4>\n\t\t\t\t\t<div class=\"sc_services_item_description\">\n\t\t\t\t\t\t<p>Depuis plus de 14 ans, notre \u00e9quipe s&rsquo;est consacr\u00e9e \u00e0 l&rsquo;organisation d&rsquo;\u00e9v\u00e9nements avec un d\u00e9vouement sans faille, apportant \u00e0 chaque occasion une touche de magie et d&rsquo;excellence.<\/p><a href=\"https:\/\/lemoulindeletang.fr\/index.php\/services\/weddings\/\" class=\"sc_services_item_readmore\">En savoir<span class=\"icon-right\"><\/span><\/a>\t\t\t\t\t<\/div>\n\t\t\t\t<\/div>\n\t\t\t<\/div>\n\t\t<\/div><div class=\"column-1_2 column_padding_bottom\">\t\t\t<div id=\"sc_services_1980474331_6\"\t\t\t\tclass=\"sc_services_item sc_services_item_6 even\"\n\t\t\t\t>\n\t\t\t\t<div class=\"sc_services_item_content\">\n\t\t\t\t\t<div class=\"number\">06<\/div><h4 class=\"sc_services_item_title\"><a href=\"https:\/\/lemoulindeletang.fr\/index.php\/services\/corporate\/\">\u00c9v\u00e9nements d&rsquo;entreprise<\/a><\/h4>\n\t\t\t\t\t<div class=\"sc_services_item_description\">\n\t\t\t\t\t\t<p>Votre \u00e9v\u00e9nement d&rsquo;entreprise est bien plus qu&rsquo;une simple occasion de rassemblement. C&rsquo;est une opportunit\u00e9 unique de marquer les esprits, de renforcer les liens et de c\u00e9l\u00e9brer les succ\u00e8s de votre entreprise.<\/p><a href=\"https:\/\/lemoulindeletang.fr\/index.php\/services\/corporate\/\" class=\"sc_services_item_readmore\">En savoir<span class=\"icon-right\"><\/span><\/a>\t\t\t\t\t<\/div>\n\t\t\t\t<\/div>\n\t\t\t<\/div>\n\t\t<\/div><\/div><\/div><\/div><!-- \/.sc_services --><\/div><!-- \/.sc_services_wrap -->[\/vc_column][\/vc_row][vc_row full_width=\u00a0\u00bbstretch_row_content_no_spaces\u00a0\u00bb css=\u00a0\u00bb.vc_custom_1472733774066{background: #332829 url(https:\/\/lemoulindeletang.fr\/wp-content\/uploads\/2016\/08\/bg2.jpg?id=195) !important;background-position: center !important;background-repeat: no-repeat !important;background-size: cover !important;}\u00a0\u00bb][vc_column]<div  class=\"sc_intro\" style=\"background: url(https:\/\/lemoulindeletang.fr\/wp-content\/uploads\/2024\/03\/0158-scaled.jpg);\"><div class=\"sc_intro_inner  sc_intro_style_2 content_wrap\"><div class=\"sc_intro_content\"><div class=\"title_bg\"><\/div><h6 class=\"sc_intro_subtitle sc_item_subtitle\">Nous contacter<\/h6><h2 class=\"sc_intro_title sc_item_title\">Vous souhaitez en savoir plus ?<br \/>\nNous sommes l\u00e0 pour r\u00e9pondre \u00e0 toutes vis questions !<\/h2><div class=\"sc_intro_buttons sc_item_buttons\"><div class=\"sc_intro_button sc_item_button\"><a href=\"https:\/\/lemoulindeletang.fr\/index.php\/a-la-recherche-dune-salle-dans-le-91\/\" class=\"sc_button sc_button_square sc_button_style_filled sc_button_size_large\">contactez-nous<\/a><\/div><\/div><\/div><\/div><\/div>[\/vc_column][\/vc_row]<\/p>\n<\/div>","protected":false},"excerpt":{"rendered":"<p>[vc_row][vc_column][\/vc_column][\/vc_row][vc_row full_width=\u00a0\u00bbstretch_row_content_no_spaces\u00a0\u00bb css=\u00a0\u00bb.vc_custom_1472733774066{background: #332829 url(https:\/\/lemoulindeletang.fr\/wp-content\/uploads\/2016\/08\/bg2.jpg?id=195) !important;background-position: center !important;background-repeat: no-repeat !important;background-size: cover !important;}\u00a0\u00bb][vc_column][\/vc_column][\/vc_row]<\/p>\n","protected":false},"author":1,"featured_media":0,"parent":0,"menu_order":0,"comment_status":"closed","ping_status":"closed","template":"","meta":{"footnotes":""},"class_list":["post-191","page","type-page","status-publish","hentry"],"yoast_head":"<!-- This site is optimized with the Yoast SEO plugin v22.6 - https:\/\/yoast.com\/wordpress\/plugins\/seo\/ -->\n<title>Salles de r\u00e9ception dans l&#039;Essonne<\/title>\n<meta name=\"description\" content=\"Traiteur, salles de r\u00e9ception et organisation d&#039;\u00e9v\u00e9nements dans l&#039;Essonne. Contactez-nous d\u00e8s maintenant!\" \/>\n<meta name=\"robots\" content=\"index, follow, max-snippet:-1, max-image-preview:large, max-video-preview:-1\" \/>\n<link rel=\"canonical\" href=\"https:\/\/lemoulindeletang.fr\/index.php\/salles-de-reception-dans-lessonne\/\" \/>\n<meta property=\"og:locale\" content=\"fr_FR\" \/>\n<meta property=\"og:type\" content=\"article\" \/>\n<meta property=\"og:title\" content=\"Salles de r\u00e9ception dans l&#039;Essonne\" \/>\n<meta property=\"og:description\" content=\"Traiteur, salles de r\u00e9ception et organisation d&#039;\u00e9v\u00e9nements dans l&#039;Essonne. Contactez-nous d\u00e8s maintenant!\" \/>\n<meta property=\"og:url\" content=\"https:\/\/lemoulindeletang.fr\/index.php\/salles-de-reception-dans-lessonne\/\" \/>\n<meta property=\"og:site_name\" content=\"LE MOULIN DE L&#039;\u00c9TANG\" \/>\n<meta property=\"article:modified_time\" content=\"2024-07-26T09:34:13+00:00\" \/>\n<meta name=\"twitter:card\" content=\"summary_large_image\" \/>\n<meta name=\"twitter:label1\" content=\"Dur\u00e9e de lecture estim\u00e9e\" \/>\n\t<meta name=\"twitter:data1\" content=\"1 minute\" \/>\n<script type=\"application\/ld+json\" class=\"yoast-schema-graph\">{\"@context\":\"https:\/\/schema.org\",\"@graph\":[{\"@type\":\"WebPage\",\"@id\":\"https:\/\/lemoulindeletang.fr\/index.php\/salles-de-reception-dans-lessonne\/\",\"url\":\"https:\/\/lemoulindeletang.fr\/index.php\/salles-de-reception-dans-lessonne\/\",\"name\":\"Salles de r\u00e9ception dans l'Essonne\",\"isPartOf\":{\"@id\":\"https:\/\/lemoulindeletang.fr\/#website\"},\"datePublished\":\"2016-08-26T11:56:37+00:00\",\"dateModified\":\"2024-07-26T09:34:13+00:00\",\"description\":\"Traiteur, salles de r\u00e9ception et organisation d'\u00e9v\u00e9nements dans l'Essonne. Contactez-nous d\u00e8s maintenant!\",\"breadcrumb\":{\"@id\":\"https:\/\/lemoulindeletang.fr\/index.php\/salles-de-reception-dans-lessonne\/#breadcrumb\"},\"inLanguage\":\"fr-FR\",\"potentialAction\":[{\"@type\":\"ReadAction\",\"target\":[\"https:\/\/lemoulindeletang.fr\/index.php\/salles-de-reception-dans-lessonne\/\"]}]},{\"@type\":\"BreadcrumbList\",\"@id\":\"https:\/\/lemoulindeletang.fr\/index.php\/salles-de-reception-dans-lessonne\/#breadcrumb\",\"itemListElement\":[{\"@type\":\"ListItem\",\"position\":1,\"name\":\"Accueil\",\"item\":\"https:\/\/lemoulindeletang.fr\/\"},{\"@type\":\"ListItem\",\"position\":2,\"name\":\"Nos \u00e9v\u00e9nements\"}]},{\"@type\":\"WebSite\",\"@id\":\"https:\/\/lemoulindeletang.fr\/#website\",\"url\":\"https:\/\/lemoulindeletang.fr\/\",\"name\":\"LE MOULIN DE L'\u00c9TANG\",\"description\":\"\",\"publisher\":{\"@id\":\"https:\/\/lemoulindeletang.fr\/#organization\"},\"potentialAction\":[{\"@type\":\"SearchAction\",\"target\":{\"@type\":\"EntryPoint\",\"urlTemplate\":\"https:\/\/lemoulindeletang.fr\/?s={search_term_string}\"},\"query-input\":\"required name=search_term_string\"}],\"inLanguage\":\"fr-FR\"},{\"@type\":\"Organization\",\"@id\":\"https:\/\/lemoulindeletang.fr\/#organization\",\"name\":\"LE MOULIN DE L'\u00c9TANG\",\"url\":\"https:\/\/lemoulindeletang.fr\/\",\"logo\":{\"@type\":\"ImageObject\",\"inLanguage\":\"fr-FR\",\"@id\":\"https:\/\/lemoulindeletang.fr\/#\/schema\/logo\/image\/\",\"url\":\"https:\/\/lemoulindeletang.fr\/wp-content\/uploads\/2024\/03\/cropped-cropped-cropped-v5\u2014400px\u2014NOIR-01.png\",\"contentUrl\":\"https:\/\/lemoulindeletang.fr\/wp-content\/uploads\/2024\/03\/cropped-cropped-cropped-v5\u2014400px\u2014NOIR-01.png\",\"width\":512,\"height\":512,\"caption\":\"LE MOULIN DE L'\u00c9TANG\"},\"image\":{\"@id\":\"https:\/\/lemoulindeletang.fr\/#\/schema\/logo\/image\/\"}}]}<\/script>\n<!-- \/ Yoast SEO plugin. -->","yoast_head_json":{"title":"Salles de r\u00e9ception dans l'Essonne","description":"Traiteur, salles de r\u00e9ception et organisation d'\u00e9v\u00e9nements dans l'Essonne. Contactez-nous d\u00e8s maintenant!","robots":{"index":"index","follow":"follow","max-snippet":"max-snippet:-1","max-image-preview":"max-image-preview:large","max-video-preview":"max-video-preview:-1"},"canonical":"https:\/\/lemoulindeletang.fr\/index.php\/salles-de-reception-dans-lessonne\/","og_locale":"fr_FR","og_type":"article","og_title":"Salles de r\u00e9ception dans l'Essonne","og_description":"Traiteur, salles de r\u00e9ception et organisation d'\u00e9v\u00e9nements dans l'Essonne. Contactez-nous d\u00e8s maintenant!","og_url":"https:\/\/lemoulindeletang.fr\/index.php\/salles-de-reception-dans-lessonne\/","og_site_name":"LE MOULIN DE L&#039;\u00c9TANG","article_modified_time":"2024-07-26T09:34:13+00:00","twitter_card":"summary_large_image","twitter_misc":{"Dur\u00e9e de lecture estim\u00e9e":"1 minute"},"schema":{"@context":"https:\/\/schema.org","@graph":[{"@type":"WebPage","@id":"https:\/\/lemoulindeletang.fr\/index.php\/salles-de-reception-dans-lessonne\/","url":"https:\/\/lemoulindeletang.fr\/index.php\/salles-de-reception-dans-lessonne\/","name":"Salles de r\u00e9ception dans l'Essonne","isPartOf":{"@id":"https:\/\/lemoulindeletang.fr\/#website"},"datePublished":"2016-08-26T11:56:37+00:00","dateModified":"2024-07-26T09:34:13+00:00","description":"Traiteur, salles de r\u00e9ception et organisation d'\u00e9v\u00e9nements dans l'Essonne. Contactez-nous d\u00e8s maintenant!","breadcrumb":{"@id":"https:\/\/lemoulindeletang.fr\/index.php\/salles-de-reception-dans-lessonne\/#breadcrumb"},"inLanguage":"fr-FR","potentialAction":[{"@type":"ReadAction","target":["https:\/\/lemoulindeletang.fr\/index.php\/salles-de-reception-dans-lessonne\/"]}]},{"@type":"BreadcrumbList","@id":"https:\/\/lemoulindeletang.fr\/index.php\/salles-de-reception-dans-lessonne\/#breadcrumb","itemListElement":[{"@type":"ListItem","position":1,"name":"Accueil","item":"https:\/\/lemoulindeletang.fr\/"},{"@type":"ListItem","position":2,"name":"Nos \u00e9v\u00e9nements"}]},{"@type":"WebSite","@id":"https:\/\/lemoulindeletang.fr\/#website","url":"https:\/\/lemoulindeletang.fr\/","name":"LE MOULIN DE L'\u00c9TANG","description":"","publisher":{"@id":"https:\/\/lemoulindeletang.fr\/#organization"},"potentialAction":[{"@type":"SearchAction","target":{"@type":"EntryPoint","urlTemplate":"https:\/\/lemoulindeletang.fr\/?s={search_term_string}"},"query-input":"required name=search_term_string"}],"inLanguage":"fr-FR"},{"@type":"Organization","@id":"https:\/\/lemoulindeletang.fr\/#organization","name":"LE MOULIN DE L'\u00c9TANG","url":"https:\/\/lemoulindeletang.fr\/","logo":{"@type":"ImageObject","inLanguage":"fr-FR","@id":"https:\/\/lemoulindeletang.fr\/#\/schema\/logo\/image\/","url":"https:\/\/lemoulindeletang.fr\/wp-content\/uploads\/2024\/03\/cropped-cropped-cropped-v5\u2014400px\u2014NOIR-01.png","contentUrl":"https:\/\/lemoulindeletang.fr\/wp-content\/uploads\/2024\/03\/cropped-cropped-cropped-v5\u2014400px\u2014NOIR-01.png","width":512,"height":512,"caption":"LE MOULIN DE L'\u00c9TANG"},"image":{"@id":"https:\/\/lemoulindeletang.fr\/#\/schema\/logo\/image\/"}}]}},"_links":{"self":[{"href":"https:\/\/lemoulindeletang.fr\/index.php\/wp-json\/wp\/v2\/pages\/191","targetHints":{"allow":["GET"]}}],"collection":[{"href":"https:\/\/lemoulindeletang.fr\/index.php\/wp-json\/wp\/v2\/pages"}],"about":[{"href":"https:\/\/lemoulindeletang.fr\/index.php\/wp-json\/wp\/v2\/types\/page"}],"author":[{"embeddable":true,"href":"https:\/\/lemoulindeletang.fr\/index.php\/wp-json\/wp\/v2\/users\/1"}],"replies":[{"embeddable":true,"href":"https:\/\/lemoulindeletang.fr\/index.php\/wp-json\/wp\/v2\/comments?post=191"}],"version-history":[{"count":12,"href":"https:\/\/lemoulindeletang.fr\/index.php\/wp-json\/wp\/v2\/pages\/191\/revisions"}],"predecessor-version":[{"id":1779,"href":"https:\/\/lemoulindeletang.fr\/index.php\/wp-json\/wp\/v2\/pages\/191\/revisions\/1779"}],"wp:attachment":[{"href":"https:\/\/lemoulindeletang.fr\/index.php\/wp-json\/wp\/v2\/media?parent=191"}],"curies":[{"name":"wp","href":"https:\/\/api.w.org\/{rel}","templated":true}]}}