{"id":183,"date":"2016-08-26T11:22:51","date_gmt":"2016-08-26T11:22:51","guid":{"rendered":"http:\/\/lemoulindeletang.fr\/?page_id=183"},"modified":"2024-11-07T15:11:24","modified_gmt":"2024-11-07T14:11:24","slug":"a-la-recherche-dune-salle-dans-le-91","status":"publish","type":"page","link":"https:\/\/lemoulindeletang.fr\/index.php\/a-la-recherche-dune-salle-dans-le-91\/","title":{"rendered":"Contacts"},"content":{"rendered":"<div class=\"wpb-content-wrapper\"><p>[vc_row full_width=\u00a0\u00bbstretch_row_content_no_spaces\u00a0\u00bb inverse=\u00a0\u00bb\u00a0\u00bb][vc_column]<div id=\"sc_googlemap_1806444210\" class=\"sc_googlemap\" style=\"width:100%;height:573px;\" data-zoom=\"16\" data-style=\"greyscale\"><iframe src=\"https:\/\/maps.google.com\/maps?t=m&output=embed&iwloc=near&z=16&q=+Chem.+du+Moulin+de+l%27%C3%89tang%2C+91310+Linas\" scrolling=\"no\" marginheight=\"0\" marginwidth=\"0\" frameborder=\"0\" aria-label=\"\"><\/iframe><\/div>[\/vc_column][\/vc_row][vc_row][vc_column]<div class=\"columns_wrap sc_columns columns_nofluid sc_columns_count_3 contact_info margin_top_huge margin_bottom_huge\" data-equal-height=\".sc_column_item_inner\"><div class=\"column-1_3 sc_column_item sc_column_item_1 odd first\" style=\"text-align:center;\"><div class=\"sc_column_item_inner\" style=\"background-image:url(https:\/\/lemoulindeletang.fr\/wp-content\/uploads\/2016\/08\/main_bg.jpg);background-repeat:no-repeat;background-size:cover;\"><span class=\"sc_icon icon-home sc_icon_shape_round\"><\/span><h3 class=\"sc_title sc_title_regular\">Adresse<\/h3>[vc_column_text]Chemin du Moulin de l&rsquo;\u00c9tang,<\/p>\n<p>91310 Linas[\/vc_column_text]<\/div><\/div><div class=\"column-1_3 sc_column_item sc_column_item_2 even\" style=\"text-align:center;\"><div class=\"sc_column_item_inner\" style=\"background-image:url(https:\/\/lemoulindeletang.fr\/wp-content\/uploads\/2016\/08\/main_bg.jpg);background-repeat:no-repeat;background-size:cover;\"><span class=\"sc_icon icon-phone sc_icon_shape_round\"><\/span><h3 class=\"sc_title sc_title_regular\">T\u00e9l\u00e9phone<\/h3>[vc_column_text]<a href=\"https:\/\/www.google.com\/search?q=chemin+du+moulin+de+l%27%C3%A9tang&amp;oq=&amp;gs_lcrp=EgZjaHJvbWUqCQgAEEUYOxjCAzIJCAAQRRg7GMIDMgkIARBFGDsYwgMyCQgCEEUYOxjCAzIJCAMQRRg7GMIDMgkIBBBFGDsYwgMyCQgFEEUYOxjCAzIJCAYQRRg7GMIDMgkIBxBFGDsYwgPSAQkxOTU1ajBqMTWoAgiwAgE&amp;sourceid=chrome&amp;ie=UTF-8#\" data-dtype=\"d3ph\" data-local-attribute=\"d3ph\" data-ved=\"2ahUKEwjM1P22kIWFAxVzfKQEHetSDwgQkAgoAHoECEwQAw\"><span aria-label=\"Appeler le 01 64 49 81 00\">01 64 49 81 00<\/span><\/a>[\/vc_column_text]<\/div><\/div><div class=\"column-1_3 sc_column_item sc_column_item_3 odd\" style=\"text-align:center;\"><div class=\"sc_column_item_inner\" style=\"background-image:url(https:\/\/lemoulindeletang.fr\/wp-content\/uploads\/2016\/08\/main_bg.jpg);background-repeat:no-repeat;background-size:cover;\"><\/div><\/div><\/div>[\/vc_column][\/vc_row]<\/p>\n<\/div>","protected":false},"excerpt":{"rendered":"<p>[vc_row full_width=\u00a0\u00bbstretch_row_content_no_spaces\u00a0\u00bb inverse=\u00a0\u00bb\u00a0\u00bb][vc_column][\/vc_column][\/vc_row][vc_row][vc_column][\/vc_column][\/vc_row]<\/p>\n","protected":false},"author":1,"featured_media":0,"parent":0,"menu_order":0,"comment_status":"closed","ping_status":"closed","template":"","meta":{"footnotes":""},"class_list":["post-183","page","type-page","status-publish","hentry"],"yoast_head":"<!-- This site is optimized with the Yoast SEO plugin v22.6 - https:\/\/yoast.com\/wordpress\/plugins\/seo\/ -->\n<title>A la recherche d&#039;une salle dans le 91 ? Contacts - LE MOULIN DE L&#039;\u00c9TANG<\/title>\n<meta name=\"description\" content=\"Contactez-nous d\u00e8s maintenant pour votre \u00e9v\u00e9nement et r\u00e9servez votre salle dans le 91!\" \/>\n<meta name=\"robots\" content=\"index, follow, max-snippet:-1, max-image-preview:large, max-video-preview:-1\" \/>\n<link rel=\"canonical\" href=\"https:\/\/lemoulindeletang.fr\/index.php\/a-la-recherche-dune-salle-dans-le-91\/\" \/>\n<meta property=\"og:locale\" content=\"fr_FR\" \/>\n<meta property=\"og:type\" content=\"article\" \/>\n<meta property=\"og:title\" content=\"A la recherche d&#039;une salle dans le 91 ? Contacts - LE MOULIN DE L&#039;\u00c9TANG\" \/>\n<meta property=\"og:description\" content=\"Contactez-nous d\u00e8s maintenant pour votre \u00e9v\u00e9nement et r\u00e9servez votre salle dans le 91!\" \/>\n<meta property=\"og:url\" content=\"https:\/\/lemoulindeletang.fr\/index.php\/a-la-recherche-dune-salle-dans-le-91\/\" \/>\n<meta property=\"og:site_name\" content=\"LE MOULIN DE L&#039;\u00c9TANG\" \/>\n<meta property=\"article:modified_time\" content=\"2024-11-07T14:11:24+00:00\" \/>\n<meta name=\"twitter:card\" content=\"summary_large_image\" \/>\n<meta name=\"twitter:label1\" content=\"Dur\u00e9e de lecture estim\u00e9e\" \/>\n\t<meta name=\"twitter:data1\" content=\"1 minute\" \/>\n<script type=\"application\/ld+json\" class=\"yoast-schema-graph\">{\"@context\":\"https:\/\/schema.org\",\"@graph\":[{\"@type\":\"WebPage\",\"@id\":\"https:\/\/lemoulindeletang.fr\/index.php\/a-la-recherche-dune-salle-dans-le-91\/\",\"url\":\"https:\/\/lemoulindeletang.fr\/index.php\/a-la-recherche-dune-salle-dans-le-91\/\",\"name\":\"A la recherche d'une salle dans le 91 ? Contacts - LE MOULIN DE L&#039;\u00c9TANG\",\"isPartOf\":{\"@id\":\"https:\/\/lemoulindeletang.fr\/#website\"},\"datePublished\":\"2016-08-26T11:22:51+00:00\",\"dateModified\":\"2024-11-07T14:11:24+00:00\",\"description\":\"Contactez-nous d\u00e8s maintenant pour votre \u00e9v\u00e9nement et r\u00e9servez votre salle dans le 91!\",\"breadcrumb\":{\"@id\":\"https:\/\/lemoulindeletang.fr\/index.php\/a-la-recherche-dune-salle-dans-le-91\/#breadcrumb\"},\"inLanguage\":\"fr-FR\",\"potentialAction\":[{\"@type\":\"ReadAction\",\"target\":[\"https:\/\/lemoulindeletang.fr\/index.php\/a-la-recherche-dune-salle-dans-le-91\/\"]}]},{\"@type\":\"BreadcrumbList\",\"@id\":\"https:\/\/lemoulindeletang.fr\/index.php\/a-la-recherche-dune-salle-dans-le-91\/#breadcrumb\",\"itemListElement\":[{\"@type\":\"ListItem\",\"position\":1,\"name\":\"Accueil\",\"item\":\"https:\/\/lemoulindeletang.fr\/\"},{\"@type\":\"ListItem\",\"position\":2,\"name\":\"Contacts\"}]},{\"@type\":\"WebSite\",\"@id\":\"https:\/\/lemoulindeletang.fr\/#website\",\"url\":\"https:\/\/lemoulindeletang.fr\/\",\"name\":\"LE MOULIN DE L'\u00c9TANG\",\"description\":\"\",\"publisher\":{\"@id\":\"https:\/\/lemoulindeletang.fr\/#organization\"},\"potentialAction\":[{\"@type\":\"SearchAction\",\"target\":{\"@type\":\"EntryPoint\",\"urlTemplate\":\"https:\/\/lemoulindeletang.fr\/?s={search_term_string}\"},\"query-input\":\"required name=search_term_string\"}],\"inLanguage\":\"fr-FR\"},{\"@type\":\"Organization\",\"@id\":\"https:\/\/lemoulindeletang.fr\/#organization\",\"name\":\"LE MOULIN DE L'\u00c9TANG\",\"url\":\"https:\/\/lemoulindeletang.fr\/\",\"logo\":{\"@type\":\"ImageObject\",\"inLanguage\":\"fr-FR\",\"@id\":\"https:\/\/lemoulindeletang.fr\/#\/schema\/logo\/image\/\",\"url\":\"https:\/\/lemoulindeletang.fr\/wp-content\/uploads\/2024\/03\/cropped-cropped-cropped-v5\u2014400px\u2014NOIR-01.png\",\"contentUrl\":\"https:\/\/lemoulindeletang.fr\/wp-content\/uploads\/2024\/03\/cropped-cropped-cropped-v5\u2014400px\u2014NOIR-01.png\",\"width\":512,\"height\":512,\"caption\":\"LE MOULIN DE L'\u00c9TANG\"},\"image\":{\"@id\":\"https:\/\/lemoulindeletang.fr\/#\/schema\/logo\/image\/\"}}]}<\/script>\n<!-- \/ Yoast SEO plugin. -->","yoast_head_json":{"title":"A la recherche d'une salle dans le 91 ? Contacts - LE MOULIN DE L&#039;\u00c9TANG","description":"Contactez-nous d\u00e8s maintenant pour votre \u00e9v\u00e9nement et r\u00e9servez votre salle dans le 91!","robots":{"index":"index","follow":"follow","max-snippet":"max-snippet:-1","max-image-preview":"max-image-preview:large","max-video-preview":"max-video-preview:-1"},"canonical":"https:\/\/lemoulindeletang.fr\/index.php\/a-la-recherche-dune-salle-dans-le-91\/","og_locale":"fr_FR","og_type":"article","og_title":"A la recherche d'une salle dans le 91 ? Contacts - LE MOULIN DE L&#039;\u00c9TANG","og_description":"Contactez-nous d\u00e8s maintenant pour votre \u00e9v\u00e9nement et r\u00e9servez votre salle dans le 91!","og_url":"https:\/\/lemoulindeletang.fr\/index.php\/a-la-recherche-dune-salle-dans-le-91\/","og_site_name":"LE MOULIN DE L&#039;\u00c9TANG","article_modified_time":"2024-11-07T14:11:24+00:00","twitter_card":"summary_large_image","twitter_misc":{"Dur\u00e9e de lecture estim\u00e9e":"1 minute"},"schema":{"@context":"https:\/\/schema.org","@graph":[{"@type":"WebPage","@id":"https:\/\/lemoulindeletang.fr\/index.php\/a-la-recherche-dune-salle-dans-le-91\/","url":"https:\/\/lemoulindeletang.fr\/index.php\/a-la-recherche-dune-salle-dans-le-91\/","name":"A la recherche d'une salle dans le 91 ? Contacts - LE MOULIN DE L&#039;\u00c9TANG","isPartOf":{"@id":"https:\/\/lemoulindeletang.fr\/#website"},"datePublished":"2016-08-26T11:22:51+00:00","dateModified":"2024-11-07T14:11:24+00:00","description":"Contactez-nous d\u00e8s maintenant pour votre \u00e9v\u00e9nement et r\u00e9servez votre salle dans le 91!","breadcrumb":{"@id":"https:\/\/lemoulindeletang.fr\/index.php\/a-la-recherche-dune-salle-dans-le-91\/#breadcrumb"},"inLanguage":"fr-FR","potentialAction":[{"@type":"ReadAction","target":["https:\/\/lemoulindeletang.fr\/index.php\/a-la-recherche-dune-salle-dans-le-91\/"]}]},{"@type":"BreadcrumbList","@id":"https:\/\/lemoulindeletang.fr\/index.php\/a-la-recherche-dune-salle-dans-le-91\/#breadcrumb","itemListElement":[{"@type":"ListItem","position":1,"name":"Accueil","item":"https:\/\/lemoulindeletang.fr\/"},{"@type":"ListItem","position":2,"name":"Contacts"}]},{"@type":"WebSite","@id":"https:\/\/lemoulindeletang.fr\/#website","url":"https:\/\/lemoulindeletang.fr\/","name":"LE MOULIN DE L'\u00c9TANG","description":"","publisher":{"@id":"https:\/\/lemoulindeletang.fr\/#organization"},"potentialAction":[{"@type":"SearchAction","target":{"@type":"EntryPoint","urlTemplate":"https:\/\/lemoulindeletang.fr\/?s={search_term_string}"},"query-input":"required name=search_term_string"}],"inLanguage":"fr-FR"},{"@type":"Organization","@id":"https:\/\/lemoulindeletang.fr\/#organization","name":"LE MOULIN DE L'\u00c9TANG","url":"https:\/\/lemoulindeletang.fr\/","logo":{"@type":"ImageObject","inLanguage":"fr-FR","@id":"https:\/\/lemoulindeletang.fr\/#\/schema\/logo\/image\/","url":"https:\/\/lemoulindeletang.fr\/wp-content\/uploads\/2024\/03\/cropped-cropped-cropped-v5\u2014400px\u2014NOIR-01.png","contentUrl":"https:\/\/lemoulindeletang.fr\/wp-content\/uploads\/2024\/03\/cropped-cropped-cropped-v5\u2014400px\u2014NOIR-01.png","width":512,"height":512,"caption":"LE MOULIN DE L'\u00c9TANG"},"image":{"@id":"https:\/\/lemoulindeletang.fr\/#\/schema\/logo\/image\/"}}]}},"_links":{"self":[{"href":"https:\/\/lemoulindeletang.fr\/index.php\/wp-json\/wp\/v2\/pages\/183","targetHints":{"allow":["GET"]}}],"collection":[{"href":"https:\/\/lemoulindeletang.fr\/index.php\/wp-json\/wp\/v2\/pages"}],"about":[{"href":"https:\/\/lemoulindeletang.fr\/index.php\/wp-json\/wp\/v2\/types\/page"}],"author":[{"embeddable":true,"href":"https:\/\/lemoulindeletang.fr\/index.php\/wp-json\/wp\/v2\/users\/1"}],"replies":[{"embeddable":true,"href":"https:\/\/lemoulindeletang.fr\/index.php\/wp-json\/wp\/v2\/comments?post=183"}],"version-history":[{"count":10,"href":"https:\/\/lemoulindeletang.fr\/index.php\/wp-json\/wp\/v2\/pages\/183\/revisions"}],"predecessor-version":[{"id":1875,"href":"https:\/\/lemoulindeletang.fr\/index.php\/wp-json\/wp\/v2\/pages\/183\/revisions\/1875"}],"wp:attachment":[{"href":"https:\/\/lemoulindeletang.fr\/index.php\/wp-json\/wp\/v2\/media?parent=183"}],"curies":[{"name":"wp","href":"https:\/\/api.w.org\/{rel}","templated":true}]}}